{"id":7,"date":"2024-12-07T14:23:37","date_gmt":"2024-12-07T13:23:37","guid":{"rendered":"http:\/\/scieriedelanoye.fr\/?page_id=7"},"modified":"2025-11-18T07:57:29","modified_gmt":"2025-11-18T06:57:29","slug":"accueil","status":"publish","type":"page","link":"https:\/\/scieriedelanoye.fr\/","title":{"rendered":"Accueil"},"content":{"rendered":"\t\t<div data-elementor-type=\"wp-page\" data-elementor-id=\"7\" class=\"elementor elementor-7\">\n\t\t\t\t<div class=\"elementor-element elementor-element-b18fb3e e-con-full e-flex e-con e-parent\" data-id=\"b18fb3e\" data-element_type=\"container\">\n\t\t<div class=\"elementor-element elementor-element-5b4640c e-flex e-con-boxed e-con e-child\" data-id=\"5b4640c\" data-element_type=\"container\" data-settings=\"{&quot;background_background&quot;:&quot;classic&quot;}\">\n\t\t\t\t\t<div class=\"e-con-inner\">\n\t\t<div class=\"elementor-element elementor-element-7976b10 e-con-full e-flex e-con e-child\" data-id=\"7976b10\" data-element_type=\"container\">\n\t\t\t\t<div class=\"elementor-element elementor-element-a67e6e4 elementor-widget elementor-widget-heading\" data-id=\"a67e6e4\" data-element_type=\"widget\" data-widget_type=\"heading.default\">\n\t\t\t\t<div class=\"elementor-widget-container\">\n\t\t\t\t\t<h1 class=\"elementor-heading-title elementor-size-default\"><b><i>Bois et scierie de la Noye<\/i><\/b>, <br>votre scierie familiale, \u00e9coresponsable n\u2019utilisant que du bois local<\/h1>\t\t\t\t<\/div>\n\t\t\t\t<\/div>\n\t\t\t\t<\/div>\n\t\t\t\t\t<\/div>\n\t\t\t\t<\/div>\n\t\t\t\t<\/div>\n\t\t<div class=\"elementor-element elementor-element-f65e5ad e-con-full e-flex e-con e-parent\" data-id=\"f65e5ad\" data-element_type=\"container\" data-settings=\"{&quot;background_background&quot;:&quot;classic&quot;}\">\n\t\t<div class=\"elementor-element elementor-element-ddd1541 e-grid e-con-boxed e-con e-child\" data-id=\"ddd1541\" data-element_type=\"container\">\n\t\t\t\t\t<div class=\"e-con-inner\">\n\t\t\t\t<div class=\"elementor-element elementor-element-77f9574 elementor-widget elementor-widget-image\" data-id=\"77f9574\" data-element_type=\"widget\" data-widget_type=\"image.default\">\n\t\t\t\t<div class=\"elementor-widget-container\">\n\t\t\t\t\t\t\t\t\t\t\t\t\t\t\t<img fetchpriority=\"high\" decoding=\"async\" width=\"1024\" height=\"768\" src=\"https:\/\/scieriedelanoye.fr\/wp-content\/uploads\/2025\/04\/photo-scierie-1024x768.jpg\" class=\"attachment-large size-large wp-image-623\" alt=\"\" srcset=\"https:\/\/scieriedelanoye.fr\/wp-content\/uploads\/2025\/04\/photo-scierie-1024x768.jpg 1024w, https:\/\/scieriedelanoye.fr\/wp-content\/uploads\/2025\/04\/photo-scierie-300x225.jpg 300w, https:\/\/scieriedelanoye.fr\/wp-content\/uploads\/2025\/04\/photo-scierie-768x576.jpg 768w, https:\/\/scieriedelanoye.fr\/wp-content\/uploads\/2025\/04\/photo-scierie-1536x1152.jpg 1536w, https:\/\/scieriedelanoye.fr\/wp-content\/uploads\/2025\/04\/photo-scierie-2048x1536.jpg 2048w\" sizes=\"(max-width: 1024px) 100vw, 1024px\" \/>\t\t\t\t\t\t\t\t\t\t\t\t\t\t\t<\/div>\n\t\t\t\t<\/div>\n\t\t<div class=\"elementor-element elementor-element-62ad5b1 e-con-full e-flex e-con e-child\" data-id=\"62ad5b1\" data-element_type=\"container\">\n\t\t\t\t<div class=\"elementor-element elementor-element-f3a3288 elementor-widget elementor-widget-text-editor\" data-id=\"f3a3288\" data-element_type=\"widget\" data-widget_type=\"text-editor.default\">\n\t\t\t\t<div class=\"elementor-widget-container\">\n\t\t\t\t\t\t\t\t\t<p>C\u2019est en 1959 que Georges et Jacqueline Delattre reprennent l\u2019entreprise de charpente de monsieur Abel Boulfroy, au centre du village de Jumel. Ils d\u00e9velopperont ensuite l\u2019activit\u00e9 vers le bois d\u2019emballages (palettes, calages). En 1987 ils d\u00e9localisent la scierie en dehors du village accompagn\u00e9 de leurs fils, Fred- \u00c9ric et R\u00e9my la 2\u00e8me g\u00e9n\u00e9ration, ensemble ils diversifieront leurs activit\u00e9s vers des produits plus qualitatifs.<\/p>\t\t\t\t\t\t\t\t<\/div>\n\t\t\t\t<\/div>\n\t\t\t\t<div class=\"elementor-element elementor-element-e789771 elementor-align-center elementor-widget elementor-widget-button\" data-id=\"e789771\" data-element_type=\"widget\" data-widget_type=\"button.default\">\n\t\t\t\t<div class=\"elementor-widget-container\">\n\t\t\t\t\t\t\t\t\t<div class=\"elementor-button-wrapper\">\n\t\t\t\t\t<a class=\"elementor-button elementor-button-link elementor-size-sm\" href=\"https:\/\/scieriedelanoye.fr\/?page_id=38\">\n\t\t\t\t\t\t<span class=\"elementor-button-content-wrapper\">\n\t\t\t\t\t\t\t\t\t<span class=\"elementor-button-text\">Notre histoire<\/span>\n\t\t\t\t\t<\/span>\n\t\t\t\t\t<\/a>\n\t\t\t\t<\/div>\n\t\t\t\t\t\t\t\t<\/div>\n\t\t\t\t<\/div>\n\t\t\t\t<\/div>\n\t\t\t\t\t<\/div>\n\t\t\t\t<\/div>\n\t\t\t\t<\/div>\n\t\t<div class=\"elementor-element elementor-element-bfe3bb5 e-flex e-con-boxed e-con e-parent\" data-id=\"bfe3bb5\" data-element_type=\"container\">\n\t\t\t\t\t<div class=\"e-con-inner\">\n\t\t\t\t<div class=\"elementor-element elementor-element-16e1466 elementor-widget elementor-widget-heading\" data-id=\"16e1466\" data-element_type=\"widget\" data-widget_type=\"heading.default\">\n\t\t\t\t<div class=\"elementor-widget-container\">\n\t\t\t\t\t<h2 class=\"elementor-heading-title elementor-size-default\">Nos Produits 100% Fran\u00e7ais<\/h2>\t\t\t\t<\/div>\n\t\t\t\t<\/div>\n\t\t<div class=\"elementor-element elementor-element-df0a8a8 e-grid e-con-full e-con e-child\" data-id=\"df0a8a8\" data-element_type=\"container\">\n\t\t<div class=\"elementor-element elementor-element-79deb4b e-con-full e-flex e-con e-child\" data-id=\"79deb4b\" data-element_type=\"container\">\n\t\t\t\t<div class=\"elementor-element elementor-element-709b0de elementor-widget__width-initial eael-flipbox-img-radius eael-flipbox-content-align-center elementor-widget elementor-widget-eael-flip-box\" data-id=\"709b0de\" data-element_type=\"widget\" data-widget_type=\"eael-flip-box.default\">\n\t\t\t\t<div class=\"elementor-widget-container\">\n\t\t\t\t\t        <div class=\"eael-elements-flip-box-container eael-animate-flip eael-animate-left eael-content eael-flip-box-hover eael-flipbox-fixed-height eael-flipbox-dynamic\">\n\n            <div class=\"eael-elements-flip-box-flip-card\">\n                <div class=\"eael-elements-flip-box-front-container\">\n                    \n                    \n                        <div class=\"eael-elements-slider-display-table\">\n                            <div class=\"eael-elements-flip-box-vertical-align\">\n                                <div class=\"eael-elements-flip-box-padding\">\n                                    <div class=\"eael-elements-flip-box-icon-image\">\n                                                                                    <img decoding=\"async\" class=\"eael-flipbox-image-as-icon\" src=\"https:\/\/scieriedelanoye.fr\/wp-content\/uploads\/2025\/03\/poutch-scaled.jpg\" alt=\"\">\n                                                                            <\/div>\n                                    <h3 class=\"eael-elements-flip-box-heading\">Parquet<\/h3>                                    <div class=\"eael-elements-flip-box-content\">\n\t                                    <p>Ch\u00eane massif<\/p>                                    <\/div>\n                                <\/div>\n                            <\/div>\n                        <\/div>\n                                    <\/div>\n\n                <div class=\"eael-elements-flip-box-rear-container\">\n                                                                <div class=\"eael-elements-slider-display-table\">\n                            <div class=\"eael-elements-flip-box-vertical-align\">\n                                <div class=\"eael-elements-flip-box-padding\">\n                                                                                                            <h3 class=\"eael-elements-flip-box-heading\">Parquet<\/h3>\n                                                                        <div class=\"eael-elements-flip-box-content\">\n                                        <p>Largeurs: 70mm &#8211; 90mm &#8211; 120mm<\/p><p>Epaisseur: 23mm<\/p>                                    <\/div>\n\n                                                                    <\/div>\n                            <\/div>\n                        <\/div>\n                                    <\/div>\n            <\/div>\n        <\/div>\n        \t\t\t\t<\/div>\n\t\t\t\t<\/div>\n\t\t\t\t<\/div>\n\t\t<div class=\"elementor-element elementor-element-c02eb27 e-con-full e-flex e-con e-child\" data-id=\"c02eb27\" data-element_type=\"container\">\n\t\t\t\t<div class=\"elementor-element elementor-element-0d5b64b elementor-widget__width-initial eael-flipbox-img-radius eael-flipbox-content-align-center elementor-widget elementor-widget-eael-flip-box\" data-id=\"0d5b64b\" data-element_type=\"widget\" data-widget_type=\"eael-flip-box.default\">\n\t\t\t\t<div class=\"elementor-widget-container\">\n\t\t\t\t\t        <div class=\"eael-elements-flip-box-container eael-animate-flip eael-animate-left eael-content eael-flip-box-hover eael-flipbox-fixed-height eael-flipbox-dynamic\">\n\n            <div class=\"eael-elements-flip-box-flip-card\">\n                <div class=\"eael-elements-flip-box-front-container\">\n                    \n                    \n                        <div class=\"eael-elements-slider-display-table\">\n                            <div class=\"eael-elements-flip-box-vertical-align\">\n                                <div class=\"eael-elements-flip-box-padding\">\n                                    <div class=\"eael-elements-flip-box-icon-image\">\n                                                                                    <img decoding=\"async\" class=\"eael-flipbox-image-as-icon\" src=\"https:\/\/scieriedelanoye.fr\/wp-content\/uploads\/2025\/03\/IMG_8321-scaled.jpeg\" alt=\"\">\n                                                                            <\/div>\n                                    <h3 class=\"eael-elements-flip-box-heading\">Bois d'emballage <\/h3>                                    <div class=\"eael-elements-flip-box-content\">\n\t                                    <p>Peuplier &#8211; Sapin\u00a0<\/p>                                    <\/div>\n                                <\/div>\n                            <\/div>\n                        <\/div>\n                                    <\/div>\n\n                <div class=\"eael-elements-flip-box-rear-container\">\n                                                                <div class=\"eael-elements-slider-display-table\">\n                            <div class=\"eael-elements-flip-box-vertical-align\">\n                                <div class=\"eael-elements-flip-box-padding\">\n                                                                                                            <h3 class=\"eael-elements-flip-box-heading\">Bois D'emballage<\/h3>\n                                                                        <div class=\"eael-elements-flip-box-content\">\n                                        <p>tout type de calage (biseaut\u00e9 , carr\u00e9 &#8230; ) et toutes sections\u00a0<\/p>                                    <\/div>\n\n                                                                    <\/div>\n                            <\/div>\n                        <\/div>\n                                    <\/div>\n            <\/div>\n        <\/div>\n        \t\t\t\t<\/div>\n\t\t\t\t<\/div>\n\t\t\t\t<\/div>\n\t\t<div class=\"elementor-element elementor-element-9dc444f e-con-full e-flex e-con e-child\" data-id=\"9dc444f\" data-element_type=\"container\">\n\t\t\t\t<div class=\"elementor-element elementor-element-c816548 elementor-widget__width-initial eael-flipbox-img-radius eael-flipbox-content-align-center elementor-widget elementor-widget-eael-flip-box\" data-id=\"c816548\" data-element_type=\"widget\" data-widget_type=\"eael-flip-box.default\">\n\t\t\t\t<div class=\"elementor-widget-container\">\n\t\t\t\t\t        <div class=\"eael-elements-flip-box-container eael-animate-flip eael-animate-left eael-content eael-flip-box-hover eael-flipbox-fixed-height eael-flipbox-dynamic\">\n\n            <div class=\"eael-elements-flip-box-flip-card\">\n                <div class=\"eael-elements-flip-box-front-container\">\n                    \n                    \n                        <div class=\"eael-elements-slider-display-table\">\n                            <div class=\"eael-elements-flip-box-vertical-align\">\n                                <div class=\"eael-elements-flip-box-padding\">\n                                    <div class=\"eael-elements-flip-box-icon-image\">\n                                                                                    <img decoding=\"async\" class=\"eael-flipbox-image-as-icon\" src=\"https:\/\/scieriedelanoye.fr\/wp-content\/uploads\/2025\/03\/poutdoug-1-scaled.jpg\" alt=\"\">\n                                                                            <\/div>\n                                    <h3 class=\"eael-elements-flip-box-heading\">Bois d'ossature - charpente<\/h3>                                    <div class=\"eael-elements-flip-box-content\">\n\t                                    <p>Ch\u00eane &#8211; Douglas\u00a0<\/p>                                    <\/div>\n                                <\/div>\n                            <\/div>\n                        <\/div>\n                                    <\/div>\n\n                <div class=\"eael-elements-flip-box-rear-container\">\n                                                                <div class=\"eael-elements-slider-display-table\">\n                            <div class=\"eael-elements-flip-box-vertical-align\">\n                                <div class=\"eael-elements-flip-box-padding\">\n                                                                                                            <h3 class=\"eael-elements-flip-box-heading\">ossature - charpente<\/h3>\n                                                                        <div class=\"eael-elements-flip-box-content\">\n                                        <p>bois de charpente : \u00e9pic\u00e9a trait\u00e9s dimensions standard (de 3m \u00e0 7m) &#8211; ch\u00eane \/ douglas sur commande\u00a0<\/p>                                    <\/div>\n\n                                                                    <\/div>\n                            <\/div>\n                        <\/div>\n                                    <\/div>\n            <\/div>\n        <\/div>\n        \t\t\t\t<\/div>\n\t\t\t\t<\/div>\n\t\t\t\t<\/div>\n\t\t\t\t<\/div>\n\t\t\t\t\t<\/div>\n\t\t\t\t<\/div>\n\t\t\t\t<\/div>\n\t\t","protected":false},"excerpt":{"rendered":"<p>Bois et scierie de la Noye, votre scierie familiale, \u00e9coresponsable n\u2019utilisant que du bois local C\u2019est en 1959 que Georges [&hellip;]<\/p>\n","protected":false},"author":1,"featured_media":0,"parent":0,"menu_order":0,"comment_status":"closed","ping_status":"closed","template":"","meta":{"site-sidebar-layout":"no-sidebar","site-content-layout":"plain-container","ast-site-content-layout":"full-width-container","site-content-style":"default","site-sidebar-style":"default","ast-global-header-display":"","ast-banner-title-visibility":"","ast-main-header-display":"","ast-hfb-above-header-display":"","ast-hfb-below-header-display":"","ast-hfb-mobile-header-display":"","site-post-title":"disabled","ast-breadcrumbs-content":"","ast-featured-img":"disabled","footer-sml-layout":"","theme-transparent-header-meta":"enabled","adv-header-id-meta":"","stick-header-meta":"","header-above-stick-meta":"","header-main-stick-meta":"","header-below-stick-meta":"","astra-migrate-meta-layouts":"default","ast-page-background-enabled":"default","ast-page-background-meta":{"desktop":{"background-color":"var(--ast-global-color-4)","background-image":"","background-repeat":"repeat","background-position":"center center","background-size":"auto","background-attachment":"scroll","background-type":"","background-media":"","overlay-type":"","overlay-color":"","overlay-opacity":"","overlay-gradient":""},"tablet":{"background-color":"","background-image":"","background-repeat":"repeat","background-position":"center center","background-size":"auto","background-attachment":"scroll","background-type":"","background-media":"","overlay-type":"","overlay-color":"","overlay-opacity":"","overlay-gradient":""},"mobile":{"background-color":"","background-image":"","background-repeat":"repeat","background-position":"center center","background-size":"auto","background-attachment":"scroll","background-type":"","background-media":"","overlay-type":"","overlay-color":"","overlay-opacity":"","overlay-gradient":""}},"ast-content-background-meta":{"desktop":{"background-color":"var(--ast-global-color-5)","background-image":"","background-repeat":"repeat","background-position":"center center","background-size":"auto","background-attachment":"scroll","background-type":"","background-media":"","overlay-type":"","overlay-color":"","overlay-opacity":"","overlay-gradient":""},"tablet":{"background-color":"var(--ast-global-color-5)","background-image":"","background-repeat":"repeat","background-position":"center center","background-size":"auto","background-attachment":"scroll","background-type":"","background-media":"","overlay-type":"","overlay-color":"","overlay-opacity":"","overlay-gradient":""},"mobile":{"background-color":"var(--ast-global-color-5)","background-image":"","background-repeat":"repeat","background-position":"center center","background-size":"auto","background-attachment":"scroll","background-type":"","background-media":"","overlay-type":"","overlay-color":"","overlay-opacity":"","overlay-gradient":""}},"footnotes":""},"class_list":["post-7","page","type-page","status-publish","hentry"],"yoast_head":"<!-- This site is optimized with the Yoast SEO plugin v25.9 - https:\/\/yoast.com\/wordpress\/plugins\/seo\/ -->\n<title>Accueil - Bois et scierie de la Noye<\/title>\n<meta name=\"description\" content=\"Votre scierie \u00e0 15 minutes d&#039;Amiens : transformation du bois fran\u00e7ais avec savoir-faire et respect de l\u2019environnement.\" \/>\n<meta name=\"robots\" content=\"index, follow, max-snippet:-1, max-image-preview:large, max-video-preview:-1\" \/>\n<link rel=\"canonical\" href=\"https:\/\/scieriedelanoye.fr\/\" \/>\n<meta property=\"og:locale\" content=\"fr_FR\" \/>\n<meta property=\"og:type\" content=\"article\" \/>\n<meta property=\"og:title\" content=\"Accueil - Bois et scierie de la Noye\" \/>\n<meta property=\"og:description\" content=\"Votre scierie \u00e0 15 minutes d&#039;Amiens : transformation du bois fran\u00e7ais avec savoir-faire et respect de l\u2019environnement.\" \/>\n<meta property=\"og:url\" content=\"https:\/\/scieriedelanoye.fr\/\" \/>\n<meta property=\"og:site_name\" content=\"Bois et scierie de la Noye\" \/>\n<meta property=\"article:modified_time\" content=\"2025-11-18T06:57:29+00:00\" \/>\n<meta property=\"og:image\" content=\"https:\/\/scieriedelanoye.fr\/wp-content\/uploads\/2025\/04\/photo-scierie-scaled.jpg\" \/>\n\t<meta property=\"og:image:width\" content=\"2560\" \/>\n\t<meta property=\"og:image:height\" content=\"1920\" \/>\n\t<meta property=\"og:image:type\" content=\"image\/jpeg\" \/>\n<meta name=\"twitter:card\" content=\"summary_large_image\" \/>\n<meta name=\"twitter:label1\" content=\"Dur\u00e9e de lecture estim\u00e9e\" \/>\n\t<meta name=\"twitter:data1\" content=\"2 minutes\" \/>\n<script type=\"application\/ld+json\" class=\"yoast-schema-graph\">{\"@context\":\"https:\/\/schema.org\",\"@graph\":[{\"@type\":\"WebPage\",\"@id\":\"https:\/\/scieriedelanoye.fr\/\",\"url\":\"https:\/\/scieriedelanoye.fr\/\",\"name\":\"Accueil - Bois et scierie de la Noye\",\"isPartOf\":{\"@id\":\"https:\/\/scieriedelanoye.fr\/#website\"},\"primaryImageOfPage\":{\"@id\":\"https:\/\/scieriedelanoye.fr\/#primaryimage\"},\"image\":{\"@id\":\"https:\/\/scieriedelanoye.fr\/#primaryimage\"},\"thumbnailUrl\":\"https:\/\/scieriedelanoye.fr\/wp-content\/uploads\/2025\/04\/photo-scierie-1024x768.jpg\",\"datePublished\":\"2024-12-07T13:23:37+00:00\",\"dateModified\":\"2025-11-18T06:57:29+00:00\",\"description\":\"Votre scierie \u00e0 15 minutes d'Amiens : transformation du bois fran\u00e7ais avec savoir-faire et respect de l\u2019environnement.\",\"breadcrumb\":{\"@id\":\"https:\/\/scieriedelanoye.fr\/#breadcrumb\"},\"inLanguage\":\"fr-FR\",\"potentialAction\":[{\"@type\":\"ReadAction\",\"target\":[\"https:\/\/scieriedelanoye.fr\/\"]}]},{\"@type\":\"ImageObject\",\"inLanguage\":\"fr-FR\",\"@id\":\"https:\/\/scieriedelanoye.fr\/#primaryimage\",\"url\":\"https:\/\/scieriedelanoye.fr\/wp-content\/uploads\/2025\/04\/photo-scierie-scaled.jpg\",\"contentUrl\":\"https:\/\/scieriedelanoye.fr\/wp-content\/uploads\/2025\/04\/photo-scierie-scaled.jpg\",\"width\":2560,\"height\":1920,\"caption\":\"DCIM100MEDIADJI_0112.JPG\"},{\"@type\":\"BreadcrumbList\",\"@id\":\"https:\/\/scieriedelanoye.fr\/#breadcrumb\",\"itemListElement\":[{\"@type\":\"ListItem\",\"position\":1,\"name\":\"Accueil\",\"item\":\"https:\/\/scieriedelanoye.fr\/\"},{\"@type\":\"ListItem\",\"position\":2,\"name\":\"Accueil\"}]},{\"@type\":\"WebSite\",\"@id\":\"https:\/\/scieriedelanoye.fr\/#website\",\"url\":\"https:\/\/scieriedelanoye.fr\/\",\"name\":\"Bois et scierie de la Noye\",\"description\":\"Bois et scierie de la Noye\",\"publisher\":{\"@id\":\"https:\/\/scieriedelanoye.fr\/#organization\"},\"potentialAction\":[{\"@type\":\"SearchAction\",\"target\":{\"@type\":\"EntryPoint\",\"urlTemplate\":\"https:\/\/scieriedelanoye.fr\/?s={search_term_string}\"},\"query-input\":{\"@type\":\"PropertyValueSpecification\",\"valueRequired\":true,\"valueName\":\"search_term_string\"}}],\"inLanguage\":\"fr-FR\"},{\"@type\":\"Organization\",\"@id\":\"https:\/\/scieriedelanoye.fr\/#organization\",\"name\":\"Bois et scierie de la Noye\",\"url\":\"https:\/\/scieriedelanoye.fr\/\",\"logo\":{\"@type\":\"ImageObject\",\"inLanguage\":\"fr-FR\",\"@id\":\"https:\/\/scieriedelanoye.fr\/#\/schema\/logo\/image\/\",\"url\":\"https:\/\/scieriedelanoye.fr\/wp-content\/uploads\/2025\/01\/cropped-logo_white.png\",\"contentUrl\":\"https:\/\/scieriedelanoye.fr\/wp-content\/uploads\/2025\/01\/cropped-logo_white.png\",\"width\":712,\"height\":512,\"caption\":\"Bois et scierie de la Noye\"},\"image\":{\"@id\":\"https:\/\/scieriedelanoye.fr\/#\/schema\/logo\/image\/\"}}]}<\/script>\n<!-- \/ Yoast SEO plugin. -->","yoast_head_json":{"title":"Accueil - Bois et scierie de la Noye","description":"Votre scierie \u00e0 15 minutes d'Amiens : transformation du bois fran\u00e7ais avec savoir-faire et respect de l\u2019environnement.","robots":{"index":"index","follow":"follow","max-snippet":"max-snippet:-1","max-image-preview":"max-image-preview:large","max-video-preview":"max-video-preview:-1"},"canonical":"https:\/\/scieriedelanoye.fr\/","og_locale":"fr_FR","og_type":"article","og_title":"Accueil - Bois et scierie de la Noye","og_description":"Votre scierie \u00e0 15 minutes d'Amiens : transformation du bois fran\u00e7ais avec savoir-faire et respect de l\u2019environnement.","og_url":"https:\/\/scieriedelanoye.fr\/","og_site_name":"Bois et scierie de la Noye","article_modified_time":"2025-11-18T06:57:29+00:00","og_image":[{"width":2560,"height":1920,"url":"https:\/\/scieriedelanoye.fr\/wp-content\/uploads\/2025\/04\/photo-scierie-scaled.jpg","type":"image\/jpeg"}],"twitter_card":"summary_large_image","twitter_misc":{"Dur\u00e9e de lecture estim\u00e9e":"2 minutes"},"schema":{"@context":"https:\/\/schema.org","@graph":[{"@type":"WebPage","@id":"https:\/\/scieriedelanoye.fr\/","url":"https:\/\/scieriedelanoye.fr\/","name":"Accueil - Bois et scierie de la Noye","isPartOf":{"@id":"https:\/\/scieriedelanoye.fr\/#website"},"primaryImageOfPage":{"@id":"https:\/\/scieriedelanoye.fr\/#primaryimage"},"image":{"@id":"https:\/\/scieriedelanoye.fr\/#primaryimage"},"thumbnailUrl":"https:\/\/scieriedelanoye.fr\/wp-content\/uploads\/2025\/04\/photo-scierie-1024x768.jpg","datePublished":"2024-12-07T13:23:37+00:00","dateModified":"2025-11-18T06:57:29+00:00","description":"Votre scierie \u00e0 15 minutes d'Amiens : transformation du bois fran\u00e7ais avec savoir-faire et respect de l\u2019environnement.","breadcrumb":{"@id":"https:\/\/scieriedelanoye.fr\/#breadcrumb"},"inLanguage":"fr-FR","potentialAction":[{"@type":"ReadAction","target":["https:\/\/scieriedelanoye.fr\/"]}]},{"@type":"ImageObject","inLanguage":"fr-FR","@id":"https:\/\/scieriedelanoye.fr\/#primaryimage","url":"https:\/\/scieriedelanoye.fr\/wp-content\/uploads\/2025\/04\/photo-scierie-scaled.jpg","contentUrl":"https:\/\/scieriedelanoye.fr\/wp-content\/uploads\/2025\/04\/photo-scierie-scaled.jpg","width":2560,"height":1920,"caption":"DCIM100MEDIADJI_0112.JPG"},{"@type":"BreadcrumbList","@id":"https:\/\/scieriedelanoye.fr\/#breadcrumb","itemListElement":[{"@type":"ListItem","position":1,"name":"Accueil","item":"https:\/\/scieriedelanoye.fr\/"},{"@type":"ListItem","position":2,"name":"Accueil"}]},{"@type":"WebSite","@id":"https:\/\/scieriedelanoye.fr\/#website","url":"https:\/\/scieriedelanoye.fr\/","name":"Bois et scierie de la Noye","description":"Bois et scierie de la Noye","publisher":{"@id":"https:\/\/scieriedelanoye.fr\/#organization"},"potentialAction":[{"@type":"SearchAction","target":{"@type":"EntryPoint","urlTemplate":"https:\/\/scieriedelanoye.fr\/?s={search_term_string}"},"query-input":{"@type":"PropertyValueSpecification","valueRequired":true,"valueName":"search_term_string"}}],"inLanguage":"fr-FR"},{"@type":"Organization","@id":"https:\/\/scieriedelanoye.fr\/#organization","name":"Bois et scierie de la Noye","url":"https:\/\/scieriedelanoye.fr\/","logo":{"@type":"ImageObject","inLanguage":"fr-FR","@id":"https:\/\/scieriedelanoye.fr\/#\/schema\/logo\/image\/","url":"https:\/\/scieriedelanoye.fr\/wp-content\/uploads\/2025\/01\/cropped-logo_white.png","contentUrl":"https:\/\/scieriedelanoye.fr\/wp-content\/uploads\/2025\/01\/cropped-logo_white.png","width":712,"height":512,"caption":"Bois et scierie de la Noye"},"image":{"@id":"https:\/\/scieriedelanoye.fr\/#\/schema\/logo\/image\/"}}]}},"_links":{"self":[{"href":"https:\/\/scieriedelanoye.fr\/index.php?rest_route=\/wp\/v2\/pages\/7","targetHints":{"allow":["GET"]}}],"collection":[{"href":"https:\/\/scieriedelanoye.fr\/index.php?rest_route=\/wp\/v2\/pages"}],"about":[{"href":"https:\/\/scieriedelanoye.fr\/index.php?rest_route=\/wp\/v2\/types\/page"}],"author":[{"embeddable":true,"href":"https:\/\/scieriedelanoye.fr\/index.php?rest_route=\/wp\/v2\/users\/1"}],"replies":[{"embeddable":true,"href":"https:\/\/scieriedelanoye.fr\/index.php?rest_route=%2Fwp%2Fv2%2Fcomments&post=7"}],"version-history":[{"count":106,"href":"https:\/\/scieriedelanoye.fr\/index.php?rest_route=\/wp\/v2\/pages\/7\/revisions"}],"predecessor-version":[{"id":668,"href":"https:\/\/scieriedelanoye.fr\/index.php?rest_route=\/wp\/v2\/pages\/7\/revisions\/668"}],"wp:attachment":[{"href":"https:\/\/scieriedelanoye.fr\/index.php?rest_route=%2Fwp%2Fv2%2Fmedia&parent=7"}],"curies":[{"name":"wp","href":"https:\/\/api.w.org\/{rel}","templated":true}]}}