{"id":31,"date":"2025-01-08T22:20:49","date_gmt":"2025-01-08T21:20:49","guid":{"rendered":"http:\/\/scieriedelanoye.fr\/?page_id=31"},"modified":"2025-07-28T08:17:08","modified_gmt":"2025-07-28T06:17:08","slug":"contact","status":"publish","type":"page","link":"https:\/\/scieriedelanoye.fr\/?page_id=31","title":{"rendered":"Contact"},"content":{"rendered":"\t\t<div data-elementor-type=\"wp-page\" data-elementor-id=\"31\" class=\"elementor elementor-31\">\n\t\t\t\t<div class=\"elementor-element elementor-element-67e8a76 e-con-full e-flex e-con e-parent\" data-id=\"67e8a76\" data-element_type=\"container\" data-settings=\"{&quot;background_background&quot;:&quot;classic&quot;}\">\n\t\t\t\t<div class=\"elementor-element elementor-element-be83799 elementor-widget elementor-widget-heading\" data-id=\"be83799\" data-element_type=\"widget\" data-widget_type=\"heading.default\">\n\t\t\t\t<div class=\"elementor-widget-container\">\n\t\t\t\t\t<h1 class=\"elementor-heading-title elementor-size-default\">Pour nous contacter<\/h1>\t\t\t\t<\/div>\n\t\t\t\t<\/div>\n\t\t\t\t<\/div>\n\t\t<div class=\"elementor-element elementor-element-3b1e26b e-flex e-con-boxed e-con e-parent\" data-id=\"3b1e26b\" data-element_type=\"container\">\n\t\t\t\t\t<div class=\"e-con-inner\">\n\t\t\t\t<div class=\"elementor-element elementor-element-aa12044 eael-contact-form-7-button-align-left eael-contact-form-7-button-custom elementor-widget elementor-widget-eael-contact-form-7\" data-id=\"aa12044\" data-element_type=\"widget\" data-widget_type=\"eael-contact-form-7.default\">\n\t\t\t\t<div class=\"elementor-widget-container\">\n\t\t\t\t\t<div class=\"eael-contact-form-7-wrapper\">\n                <div class=\"eael-contact-form eael-contact-form-7 eael-contact-form-aa12044 placeholder-show eael-contact-form-align-default\"><div class=\"eael-contact-form-7-heading\"><h3 class=\"eael-contact-form-title eael-contact-form-7-title\">\n                                    Renseignements \/ Devis\n                                <\/h3><div class=\"eael-contact-form-description eael-contact-form-7-description\"> Afin de r\u00e9aliser un devis merci de pr\u00e9ciser : \n&#8211; l&rsquo;essence souhait\u00e9e \n&#8211; la longueur \n&#8211; la largeur et l&rsquo;\u00e9paisseur \n&#8211; la quantit\u00e9 \n                            <\/div><\/div>\n<div class=\"wpcf7 no-js\" id=\"wpcf7-f24-o1\" lang=\"fr-FR\" dir=\"ltr\" data-wpcf7-id=\"24\">\n<div class=\"screen-reader-response\"><p role=\"status\" aria-live=\"polite\" aria-atomic=\"true\"><\/p> <ul><\/ul><\/div>\n<form action=\"\/index.php?rest_route=%2Fwp%2Fv2%2Fpages%2F31#wpcf7-f24-o1\" method=\"post\" class=\"wpcf7-form init\" aria-label=\"Formulaire de contact\" novalidate=\"novalidate\" data-status=\"init\">\n<fieldset class=\"hidden-fields-container\"><input type=\"hidden\" name=\"_wpcf7\" value=\"24\" \/><input type=\"hidden\" name=\"_wpcf7_version\" value=\"6.1.1\" \/><input type=\"hidden\" name=\"_wpcf7_locale\" value=\"fr_FR\" \/><input type=\"hidden\" name=\"_wpcf7_unit_tag\" value=\"wpcf7-f24-o1\" \/><input type=\"hidden\" name=\"_wpcf7_container_post\" value=\"0\" \/><input type=\"hidden\" name=\"_wpcf7_posted_data_hash\" value=\"\" \/>\n<\/fieldset>\n<div class=\"uacf7-form-wrapper-container uacf7-form-24  \"><div class=\"uacf7-row\">\n<div class=\"uacf7-col-6\"> \n<label> Votre nom*<\/label>\n    <span class=\"wpcf7-form-control-wrap\" data-name=\"your-name\"><input size=\"40\" maxlength=\"400\" class=\"wpcf7-form-control wpcf7-text wpcf7-validates-as-required\" autocomplete=\"name\" aria-required=\"true\" aria-invalid=\"false\" value=\"\" type=\"text\" name=\"your-name\" \/><\/span> \n<\/div>\n<div class=\"uacf7-col-6\"> \n<label> Soci\u00e9t\u00e9<\/label>\n    <span class=\"wpcf7-form-control-wrap\" data-name=\"your-company\"><input size=\"40\" maxlength=\"400\" class=\"wpcf7-form-control wpcf7-text\" autocomplete=\"company\" aria-invalid=\"false\" value=\"\" type=\"text\" name=\"your-company\" \/><\/span> \n<\/div>\n<\/div>\n\n<label> Votre e-mail*<\/label>\n    <span class=\"wpcf7-form-control-wrap\" data-name=\"your-email\"><input size=\"40\" maxlength=\"400\" class=\"wpcf7-form-control wpcf7-email wpcf7-validates-as-required wpcf7-text wpcf7-validates-as-email\" autocomplete=\"email\" aria-required=\"true\" aria-invalid=\"false\" value=\"\" type=\"email\" name=\"your-email\" \/><\/span> \n\n<label> Objet*<\/label>\n    <span class=\"wpcf7-form-control-wrap\" data-name=\"your-subject\"><input size=\"40\" maxlength=\"400\" class=\"wpcf7-form-control wpcf7-text wpcf7-validates-as-required\" aria-required=\"true\" aria-invalid=\"false\" value=\"\" type=\"text\" name=\"your-subject\" \/><\/span> \n\n<label> Votre message* <\/label>\n    <span class=\"wpcf7-form-control-wrap\" data-name=\"your-message\"><textarea cols=\"40\" rows=\"10\" maxlength=\"2000\" class=\"wpcf7-form-control wpcf7-textarea wpcf7-validates-as-required\" aria-required=\"true\" aria-invalid=\"false\" name=\"your-message\"><\/textarea><\/span> \n\n<span class=\"wpcf7-form-control-wrap\" data-name=\"checkbox-810\"><span class=\"wpcf7-form-control wpcf7-checkbox wpcf7-validates-as-required\"><span class=\"wpcf7-list-item first last\"><label><input type=\"checkbox\" name=\"checkbox-810[]\" value=\"Je reconnais avoir pris connaissance des conditions g\u00e9n\u00e9rales d&#039;utilisation et de la politique de confidentialit\u00e9.\" \/><span class=\"wpcf7-list-item-label\">Je reconnais avoir pris connaissance des conditions g\u00e9n\u00e9rales d&#039;utilisation et de la politique de confidentialit\u00e9.<\/span><\/label><\/span><\/span><\/span>\n<input class=\"wpcf7-form-control wpcf7-submit has-spinner\" type=\"submit\" value=\"Envoyer\" \/><\/div><div class=\"wpcf7-response-output\" aria-hidden=\"true\"><\/div>\n<\/form>\n<\/div>\n<\/div>\n            <\/div>\t\t\t\t<\/div>\n\t\t\t\t<\/div>\n\t\t\t\t\t<\/div>\n\t\t\t\t<\/div>\n\t\t<div class=\"elementor-element elementor-element-3c2808a e-grid e-con-boxed e-con e-parent\" data-id=\"3c2808a\" data-element_type=\"container\" data-settings=\"{&quot;background_background&quot;:&quot;classic&quot;}\">\n\t\t\t\t\t<div class=\"e-con-inner\">\n\t\t<div class=\"elementor-element elementor-element-28331fc e-grid e-con-full e-con e-child\" data-id=\"28331fc\" data-element_type=\"container\">\n\t\t<div class=\"elementor-element elementor-element-83383a2 e-con-full e-flex e-con e-child\" data-id=\"83383a2\" data-element_type=\"container\">\n\t\t\t\t<div class=\"elementor-element elementor-element-f05d0eb elementor-view-default elementor-widget elementor-widget-icon\" data-id=\"f05d0eb\" data-element_type=\"widget\" data-widget_type=\"icon.default\">\n\t\t\t\t<div class=\"elementor-widget-container\">\n\t\t\t\t\t\t\t<div class=\"elementor-icon-wrapper\">\n\t\t\t<div class=\"elementor-icon\">\n\t\t\t<svg aria-hidden=\"true\" class=\"e-font-icon-svg e-fas-map-pin\" viewBox=\"0 0 288 512\" xmlns=\"http:\/\/www.w3.org\/2000\/svg\"><path d=\"M112 316.94v156.69l22.02 33.02c4.75 7.12 15.22 7.12 19.97 0L176 473.63V316.94c-10.39 1.92-21.06 3.06-32 3.06s-21.61-1.14-32-3.06zM144 0C64.47 0 0 64.47 0 144s64.47 144 144 144 144-64.47 144-144S223.53 0 144 0zm0 76c-37.5 0-68 30.5-68 68 0 6.62-5.38 12-12 12s-12-5.38-12-12c0-50.73 41.28-92 92-92 6.62 0 12 5.38 12 12s-5.38 12-12 12z\"><\/path><\/svg>\t\t\t<\/div>\n\t\t<\/div>\n\t\t\t\t\t\t<\/div>\n\t\t\t\t<\/div>\n\t\t\t\t<div class=\"elementor-element elementor-element-639c88e elementor-widget elementor-widget-text-editor\" data-id=\"639c88e\" data-element_type=\"widget\" data-widget_type=\"text-editor.default\">\n\t\t\t\t<div class=\"elementor-widget-container\">\n\t\t\t\t\t\t\t\t\t<p>Route d&rsquo;Amiens, 80250 Jumel<\/p>\t\t\t\t\t\t\t\t<\/div>\n\t\t\t\t<\/div>\n\t\t\t\t<\/div>\n\t\t<div class=\"elementor-element elementor-element-f5df229 e-con-full e-flex e-con e-child\" data-id=\"f5df229\" data-element_type=\"container\">\n\t\t\t\t<div class=\"elementor-element elementor-element-1bce676 elementor-view-default elementor-widget elementor-widget-icon\" data-id=\"1bce676\" data-element_type=\"widget\" data-widget_type=\"icon.default\">\n\t\t\t\t<div class=\"elementor-widget-container\">\n\t\t\t\t\t\t\t<div class=\"elementor-icon-wrapper\">\n\t\t\t<div class=\"elementor-icon\">\n\t\t\t<svg aria-hidden=\"true\" class=\"e-font-icon-svg e-fas-at\" viewBox=\"0 0 512 512\" xmlns=\"http:\/\/www.w3.org\/2000\/svg\"><path d=\"M256 8C118.941 8 8 118.919 8 256c0 137.059 110.919 248 248 248 48.154 0 95.342-14.14 135.408-40.223 12.005-7.815 14.625-24.288 5.552-35.372l-10.177-12.433c-7.671-9.371-21.179-11.667-31.373-5.129C325.92 429.757 291.314 440 256 440c-101.458 0-184-82.542-184-184S154.542 72 256 72c100.139 0 184 57.619 184 160 0 38.786-21.093 79.742-58.17 83.693-17.349-.454-16.91-12.857-13.476-30.024l23.433-121.11C394.653 149.75 383.308 136 368.225 136h-44.981a13.518 13.518 0 0 0-13.432 11.993l-.01.092c-14.697-17.901-40.448-21.775-59.971-21.775-74.58 0-137.831 62.234-137.831 151.46 0 65.303 36.785 105.87 96 105.87 26.984 0 57.369-15.637 74.991-38.333 9.522 34.104 40.613 34.103 70.71 34.103C462.609 379.41 504 307.798 504 232 504 95.653 394.023 8 256 8zm-21.68 304.43c-22.249 0-36.07-15.623-36.07-40.771 0-44.993 30.779-72.729 58.63-72.729 22.292 0 35.601 15.241 35.601 40.77 0 45.061-33.875 72.73-58.161 72.73z\"><\/path><\/svg>\t\t\t<\/div>\n\t\t<\/div>\n\t\t\t\t\t\t<\/div>\n\t\t\t\t<\/div>\n\t\t\t\t<div class=\"elementor-element elementor-element-b2fbbaf elementor-widget elementor-widget-text-editor\" data-id=\"b2fbbaf\" data-element_type=\"widget\" data-widget_type=\"text-editor.default\">\n\t\t\t\t<div class=\"elementor-widget-container\">\n\t\t\t\t\t\t\t\t\t<p>contact@scieriedelanoye.fr<\/p>\t\t\t\t\t\t\t\t<\/div>\n\t\t\t\t<\/div>\n\t\t\t\t<\/div>\n\t\t<div class=\"elementor-element elementor-element-031f5ea e-con-full e-flex e-con e-child\" data-id=\"031f5ea\" data-element_type=\"container\">\n\t\t\t\t<div class=\"elementor-element elementor-element-d9872db elementor-view-default elementor-widget elementor-widget-icon\" data-id=\"d9872db\" data-element_type=\"widget\" data-widget_type=\"icon.default\">\n\t\t\t\t<div class=\"elementor-widget-container\">\n\t\t\t\t\t\t\t<div class=\"elementor-icon-wrapper\">\n\t\t\t<div class=\"elementor-icon\">\n\t\t\t<svg aria-hidden=\"true\" class=\"e-font-icon-svg e-fas-phone\" viewBox=\"0 0 512 512\" xmlns=\"http:\/\/www.w3.org\/2000\/svg\"><path d=\"M493.4 24.6l-104-24c-11.3-2.6-22.9 3.3-27.5 13.9l-48 112c-4.2 9.8-1.4 21.3 6.9 28l60.6 49.6c-36 76.7-98.9 140.5-177.2 177.2l-49.6-60.6c-6.8-8.3-18.2-11.1-28-6.9l-112 48C3.9 366.5-2 378.1.6 389.4l24 104C27.1 504.2 36.7 512 48 512c256.1 0 464-207.5 464-464 0-11.2-7.7-20.9-18.6-23.4z\"><\/path><\/svg>\t\t\t<\/div>\n\t\t<\/div>\n\t\t\t\t\t\t<\/div>\n\t\t\t\t<\/div>\n\t\t\t\t<div class=\"elementor-element elementor-element-97b64b5 elementor-widget elementor-widget-text-editor\" data-id=\"97b64b5\" data-element_type=\"widget\" data-widget_type=\"text-editor.default\">\n\t\t\t\t<div class=\"elementor-widget-container\">\n\t\t\t\t\t\t\t\t\t06 21 88 13 18\t\t\t\t\t\t\t\t<\/div>\n\t\t\t\t<\/div>\n\t\t\t\t<\/div>\n\t\t\t\t<\/div>\n\t\t<div class=\"elementor-element elementor-element-639443f e-con-full e-flex e-con e-child\" data-id=\"639443f\" data-element_type=\"container\">\n\t\t\t\t<div class=\"elementor-element elementor-element-236f969 elementor-widget elementor-widget-text-editor\" data-id=\"236f969\" data-element_type=\"widget\" data-widget_type=\"text-editor.default\">\n\t\t\t\t<div class=\"elementor-widget-container\">\n\t\t\t\t\t\t\t\t\t<p>Heures d&rsquo;ouvertures:<br>&#8211; Ouvert du Lundi au Vendredi de 08h00-12H30 \u00e0 14h00-18h00 <br>&#8211; Samedi matin de 08h00 \u00e0 12h30<\/p><p>cong\u00e9 d&rsquo;\u00e9t\u00e9 2025 : semaine 33<\/p>\t\t\t\t\t\t\t\t<\/div>\n\t\t\t\t<\/div>\n\t\t\t\t<\/div>\n\t\t\t\t\t<\/div>\n\t\t\t\t<\/div>\n\t\t<div class=\"elementor-element elementor-element-1d2c7e0 e-flex e-con-boxed e-con e-parent\" data-id=\"1d2c7e0\" data-element_type=\"container\">\n\t\t\t\t\t<div class=\"e-con-inner\">\n\t\t\t\t<div class=\"elementor-element elementor-element-a7afbe3 elementor-widget elementor-widget-google_maps\" data-id=\"a7afbe3\" data-element_type=\"widget\" data-widget_type=\"google_maps.default\">\n\t\t\t\t<div class=\"elementor-widget-container\">\n\t\t\t\t\t\t\t<div class=\"elementor-custom-embed\">\n\t\t\t<iframe loading=\"lazy\"\n\t\t\t\t\tsrc=\"https:\/\/maps.google.com\/maps?q=49%C2%B045%2755.8%22N%202%C2%B019%2753.6%22E&#038;t=m&#038;z=10&#038;output=embed&#038;iwloc=near\"\n\t\t\t\t\ttitle=\"49\u00b045&#039;55.8&quot;N 2\u00b019&#039;53.6&quot;E\"\n\t\t\t\t\taria-label=\"49\u00b045&#039;55.8&quot;N 2\u00b019&#039;53.6&quot;E\"\n\t\t\t><\/iframe>\n\t\t<\/div>\n\t\t\t\t\t\t<\/div>\n\t\t\t\t<\/div>\n\t\t\t\t\t<\/div>\n\t\t\t\t<\/div>\n\t\t\t\t<\/div>\n\t\t","protected":false},"excerpt":{"rendered":"<p>Pour nous contacter Renseignements \/ Devis Afin de r\u00e9aliser un devis merci de pr\u00e9ciser : &#8211; l&rsquo;essence souhait\u00e9e &#8211; la [&hellip;]<\/p>\n","protected":false},"author":2,"featured_media":0,"parent":0,"menu_order":0,"comment_status":"closed","ping_status":"closed","template":"","meta":{"site-sidebar-layout":"no-sidebar","site-content-layout":"","ast-site-content-layout":"full-width-container","site-content-style":"default","site-sidebar-style":"default","ast-global-header-display":"","ast-banner-title-visibility":"","ast-main-header-display":"","ast-hfb-above-header-display":"","ast-hfb-below-header-display":"","ast-hfb-mobile-header-display":"","site-post-title":"disabled","ast-breadcrumbs-content":"","ast-featured-img":"disabled","footer-sml-layout":"","theme-transparent-header-meta":"","adv-header-id-meta":"","stick-header-meta":"","header-above-stick-meta":"","header-main-stick-meta":"","header-below-stick-meta":"","astra-migrate-meta-layouts":"default","ast-page-background-enabled":"default","ast-page-background-meta":{"desktop":{"background-color":"var(--ast-global-color-4)","background-image":"","background-repeat":"repeat","background-position":"center center","background-size":"auto","background-attachment":"scroll","background-type":"","background-media":"","overlay-type":"","overlay-color":"","overlay-opacity":"","overlay-gradient":""},"tablet":{"background-color":"","background-image":"","background-repeat":"repeat","background-position":"center center","background-size":"auto","background-attachment":"scroll","background-type":"","background-media":"","overlay-type":"","overlay-color":"","overlay-opacity":"","overlay-gradient":""},"mobile":{"background-color":"","background-image":"","background-repeat":"repeat","background-position":"center center","background-size":"auto","background-attachment":"scroll","background-type":"","background-media":"","overlay-type":"","overlay-color":"","overlay-opacity":"","overlay-gradient":""}},"ast-content-background-meta":{"desktop":{"background-color":"var(--ast-global-color-5)","background-image":"","background-repeat":"repeat","background-position":"center center","background-size":"auto","background-attachment":"scroll","background-type":"","background-media":"","overlay-type":"","overlay-color":"","overlay-opacity":"","overlay-gradient":""},"tablet":{"background-color":"var(--ast-global-color-5)","background-image":"","background-repeat":"repeat","background-position":"center center","background-size":"auto","background-attachment":"scroll","background-type":"","background-media":"","overlay-type":"","overlay-color":"","overlay-opacity":"","overlay-gradient":""},"mobile":{"background-color":"var(--ast-global-color-5)","background-image":"","background-repeat":"repeat","background-position":"center center","background-size":"auto","background-attachment":"scroll","background-type":"","background-media":"","overlay-type":"","overlay-color":"","overlay-opacity":"","overlay-gradient":""}},"footnotes":""},"class_list":["post-31","page","type-page","status-publish","hentry"],"yoast_head":"<!-- This site is optimized with the Yoast SEO plugin v25.9 - https:\/\/yoast.com\/wordpress\/plugins\/seo\/ -->\n<title>Contact - Bois et scierie de la Noye<\/title>\n<meta name=\"robots\" content=\"index, follow, max-snippet:-1, max-image-preview:large, max-video-preview:-1\" \/>\n<link rel=\"canonical\" href=\"https:\/\/scieriedelanoye.fr\/?page_id=31\" \/>\n<meta property=\"og:locale\" content=\"fr_FR\" \/>\n<meta property=\"og:type\" content=\"article\" \/>\n<meta property=\"og:title\" content=\"Contact - Bois et scierie de la Noye\" \/>\n<meta property=\"og:description\" content=\"Pour nous contacter Renseignements \/ Devis Afin de r\u00e9aliser un devis merci de pr\u00e9ciser : &#8211; l&rsquo;essence souhait\u00e9e &#8211; la [&hellip;]\" \/>\n<meta property=\"og:url\" content=\"https:\/\/scieriedelanoye.fr\/?page_id=31\" \/>\n<meta property=\"og:site_name\" content=\"Bois et scierie de la Noye\" \/>\n<meta property=\"article:modified_time\" content=\"2025-07-28T06:17:08+00:00\" \/>\n<meta name=\"twitter:card\" content=\"summary_large_image\" \/>\n<meta name=\"twitter:label1\" content=\"Dur\u00e9e de lecture estim\u00e9e\" \/>\n\t<meta name=\"twitter:data1\" content=\"1 minute\" \/>\n<script type=\"application\/ld+json\" class=\"yoast-schema-graph\">{\"@context\":\"https:\/\/schema.org\",\"@graph\":[{\"@type\":\"WebPage\",\"@id\":\"https:\/\/scieriedelanoye.fr\/?page_id=31\",\"url\":\"https:\/\/scieriedelanoye.fr\/?page_id=31\",\"name\":\"Contact - Bois et scierie de la Noye\",\"isPartOf\":{\"@id\":\"https:\/\/scieriedelanoye.fr\/#website\"},\"datePublished\":\"2025-01-08T21:20:49+00:00\",\"dateModified\":\"2025-07-28T06:17:08+00:00\",\"breadcrumb\":{\"@id\":\"https:\/\/scieriedelanoye.fr\/?page_id=31#breadcrumb\"},\"inLanguage\":\"fr-FR\",\"potentialAction\":[{\"@type\":\"ReadAction\",\"target\":[\"https:\/\/scieriedelanoye.fr\/?page_id=31\"]}]},{\"@type\":\"BreadcrumbList\",\"@id\":\"https:\/\/scieriedelanoye.fr\/?page_id=31#breadcrumb\",\"itemListElement\":[{\"@type\":\"ListItem\",\"position\":1,\"name\":\"Accueil\",\"item\":\"https:\/\/scieriedelanoye.fr\/\"},{\"@type\":\"ListItem\",\"position\":2,\"name\":\"Contact\"}]},{\"@type\":\"WebSite\",\"@id\":\"https:\/\/scieriedelanoye.fr\/#website\",\"url\":\"https:\/\/scieriedelanoye.fr\/\",\"name\":\"Bois et scierie de la Noye\",\"description\":\"Bois et scierie de la Noye\",\"publisher\":{\"@id\":\"https:\/\/scieriedelanoye.fr\/#organization\"},\"potentialAction\":[{\"@type\":\"SearchAction\",\"target\":{\"@type\":\"EntryPoint\",\"urlTemplate\":\"https:\/\/scieriedelanoye.fr\/?s={search_term_string}\"},\"query-input\":{\"@type\":\"PropertyValueSpecification\",\"valueRequired\":true,\"valueName\":\"search_term_string\"}}],\"inLanguage\":\"fr-FR\"},{\"@type\":\"Organization\",\"@id\":\"https:\/\/scieriedelanoye.fr\/#organization\",\"name\":\"Bois et scierie de la Noye\",\"url\":\"https:\/\/scieriedelanoye.fr\/\",\"logo\":{\"@type\":\"ImageObject\",\"inLanguage\":\"fr-FR\",\"@id\":\"https:\/\/scieriedelanoye.fr\/#\/schema\/logo\/image\/\",\"url\":\"https:\/\/scieriedelanoye.fr\/wp-content\/uploads\/2025\/01\/cropped-logo_white.png\",\"contentUrl\":\"https:\/\/scieriedelanoye.fr\/wp-content\/uploads\/2025\/01\/cropped-logo_white.png\",\"width\":712,\"height\":512,\"caption\":\"Bois et scierie de la Noye\"},\"image\":{\"@id\":\"https:\/\/scieriedelanoye.fr\/#\/schema\/logo\/image\/\"}}]}<\/script>\n<!-- \/ Yoast SEO plugin. -->","yoast_head_json":{"title":"Contact - Bois et scierie de la Noye","robots":{"index":"index","follow":"follow","max-snippet":"max-snippet:-1","max-image-preview":"max-image-preview:large","max-video-preview":"max-video-preview:-1"},"canonical":"https:\/\/scieriedelanoye.fr\/?page_id=31","og_locale":"fr_FR","og_type":"article","og_title":"Contact - Bois et scierie de la Noye","og_description":"Pour nous contacter Renseignements \/ Devis Afin de r\u00e9aliser un devis merci de pr\u00e9ciser : &#8211; l&rsquo;essence souhait\u00e9e &#8211; la [&hellip;]","og_url":"https:\/\/scieriedelanoye.fr\/?page_id=31","og_site_name":"Bois et scierie de la Noye","article_modified_time":"2025-07-28T06:17:08+00:00","twitter_card":"summary_large_image","twitter_misc":{"Dur\u00e9e de lecture estim\u00e9e":"1 minute"},"schema":{"@context":"https:\/\/schema.org","@graph":[{"@type":"WebPage","@id":"https:\/\/scieriedelanoye.fr\/?page_id=31","url":"https:\/\/scieriedelanoye.fr\/?page_id=31","name":"Contact - Bois et scierie de la Noye","isPartOf":{"@id":"https:\/\/scieriedelanoye.fr\/#website"},"datePublished":"2025-01-08T21:20:49+00:00","dateModified":"2025-07-28T06:17:08+00:00","breadcrumb":{"@id":"https:\/\/scieriedelanoye.fr\/?page_id=31#breadcrumb"},"inLanguage":"fr-FR","potentialAction":[{"@type":"ReadAction","target":["https:\/\/scieriedelanoye.fr\/?page_id=31"]}]},{"@type":"BreadcrumbList","@id":"https:\/\/scieriedelanoye.fr\/?page_id=31#breadcrumb","itemListElement":[{"@type":"ListItem","position":1,"name":"Accueil","item":"https:\/\/scieriedelanoye.fr\/"},{"@type":"ListItem","position":2,"name":"Contact"}]},{"@type":"WebSite","@id":"https:\/\/scieriedelanoye.fr\/#website","url":"https:\/\/scieriedelanoye.fr\/","name":"Bois et scierie de la Noye","description":"Bois et scierie de la Noye","publisher":{"@id":"https:\/\/scieriedelanoye.fr\/#organization"},"potentialAction":[{"@type":"SearchAction","target":{"@type":"EntryPoint","urlTemplate":"https:\/\/scieriedelanoye.fr\/?s={search_term_string}"},"query-input":{"@type":"PropertyValueSpecification","valueRequired":true,"valueName":"search_term_string"}}],"inLanguage":"fr-FR"},{"@type":"Organization","@id":"https:\/\/scieriedelanoye.fr\/#organization","name":"Bois et scierie de la Noye","url":"https:\/\/scieriedelanoye.fr\/","logo":{"@type":"ImageObject","inLanguage":"fr-FR","@id":"https:\/\/scieriedelanoye.fr\/#\/schema\/logo\/image\/","url":"https:\/\/scieriedelanoye.fr\/wp-content\/uploads\/2025\/01\/cropped-logo_white.png","contentUrl":"https:\/\/scieriedelanoye.fr\/wp-content\/uploads\/2025\/01\/cropped-logo_white.png","width":712,"height":512,"caption":"Bois et scierie de la Noye"},"image":{"@id":"https:\/\/scieriedelanoye.fr\/#\/schema\/logo\/image\/"}}]}},"_links":{"self":[{"href":"https:\/\/scieriedelanoye.fr\/index.php?rest_route=\/wp\/v2\/pages\/31","targetHints":{"allow":["GET"]}}],"collection":[{"href":"https:\/\/scieriedelanoye.fr\/index.php?rest_route=\/wp\/v2\/pages"}],"about":[{"href":"https:\/\/scieriedelanoye.fr\/index.php?rest_route=\/wp\/v2\/types\/page"}],"author":[{"embeddable":true,"href":"https:\/\/scieriedelanoye.fr\/index.php?rest_route=\/wp\/v2\/users\/2"}],"replies":[{"embeddable":true,"href":"https:\/\/scieriedelanoye.fr\/index.php?rest_route=%2Fwp%2Fv2%2Fcomments&post=31"}],"version-history":[{"count":67,"href":"https:\/\/scieriedelanoye.fr\/index.php?rest_route=\/wp\/v2\/pages\/31\/revisions"}],"predecessor-version":[{"id":647,"href":"https:\/\/scieriedelanoye.fr\/index.php?rest_route=\/wp\/v2\/pages\/31\/revisions\/647"}],"wp:attachment":[{"href":"https:\/\/scieriedelanoye.fr\/index.php?rest_route=%2Fwp%2Fv2%2Fmedia&parent=31"}],"curies":[{"name":"wp","href":"https:\/\/api.w.org\/{rel}","templated":true}]}}